{"id":2389,"date":"2019-06-12T07:44:45","date_gmt":"2019-06-12T05:44:45","guid":{"rendered":"https:\/\/www.maisoncoeurcorbieres.fr\/?page_id=2389"},"modified":"2025-02-25T19:07:17","modified_gmt":"2025-02-25T17:07:17","slug":"over-maison-coeur-corbieres","status":"publish","type":"page","link":"https:\/\/www.maisoncoeurcorbieres.fr\/?page_id=2389&lang=nl","title":{"rendered":"Over Maison Coeur Corbi\u00e8res"},"content":{"rendered":"\n<div class=\"wp-block-getwid-section alignfull alignfull getwid-margin-top-none getwid-margin-bottom-none\"><div class=\"wp-block-getwid-section__wrapper getwid-padding-top-none getwid-padding-bottom-none getwid-padding-left-medium getwid-padding-right-medium getwid-padding-mobile-left-small getwid-padding-mobile-right-small\"><div class=\"wp-block-getwid-section__inner-wrapper\"><div class=\"wp-block-getwid-section__background-holder\"><div class=\"wp-block-getwid-section__background\"><\/div><div class=\"wp-block-getwid-section__foreground\"><\/div><\/div><div class=\"wp-block-getwid-section__content\"><div class=\"wp-block-getwid-section__inner-content\">\n<div class=\"wp-block-columns has-2-columns is-layout-flex wp-container-core-columns-is-layout-1 wp-block-columns-is-layout-flex\">\n<div class=\"wp-block-column is-layout-flow wp-block-column-is-layout-flow\">\n<div class=\"wp-block-getwid-advanced-heading is-style-style-1 has-custom-font-size\" style=\"font-size:12px;margin-bottom:0px\"><p class=\"wp-block-getwid-advanced-heading__content\" style=\"letter-spacing:0.1em\">Kom genieten van ons klein &#8216;paradijsje&#8217;<\/p><\/div>\n\n\n\n<div class=\"wp-block-getwid-advanced-heading is-style-default\" style=\"margin-top:10px\"><h2 class=\"wp-block-getwid-advanced-heading__content\">Welkom op <br>Maison Coeur Corbi\u00e8res<\/h2><\/div>\n<\/div>\n\n\n\n<div class=\"wp-block-column is-layout-flow wp-block-column-is-layout-flow\">\n<p>Wij, Truitje &amp; Peter, heten je van harte welkom in onze kleinschalige &#8216;chambre d&#8217;h\u00f4tes&#8217;, gelegen in Fontjoncouse, het hart van de Corbi\u00e8res. Aangezien we een Chambre d&#8217;h\u00f4tes zijn die zich richt op volwassenen (18+), is MaCoCo een rustige omgeving waar je tot rust kunt komen, zelfs als je kiest voor een ontspannen dagje aan het zwembad. Ons zwembad, met poolhouse, buitenkeuken, verschillende terrassen, zithoekjes, &#8230; dragen hiertoe bij.<\/p>\n\n\n\n<p>Dankzij onze wereldberoemde 3*-buurkok Gilles Goujon is ons dorp bekend in heel Frankrijk, maar onze streek heeft nog zo veel meer te bieden. Liefhebbers van natuur, rust, comfort maar ook van cultuur, gastronomie en niet te vergeten wijn, wandelaars en fietsers: iedereen komt hier aan zijn trekken.<\/p>\n\n\n\n<p>Het landschap wordt gedomineerd door wijngaarden, elke 5 minuten heb je een ander uitzicht. Van Toscaanse looks tot Ardeche-achtige rotsformaties en van glooiende wijngaarden tot uitgestrekte meren en stranden.<\/p>\n\n\n\n<p>MaCoCo is een ideaal vertrekpunt voor tal van activiteiten. Direct wanneer je de deur achter je dicht trekt, zijn er verschillende wandelpaden door de garrigue. Je wandeling zal zeker worden geanimeerd door de weelderige aanwezigheid van kruidenplanten en fauna terwijl je geniet van het verbazingwekkende uitzicht op zowel de kust als de Pyrenee\u00ebn met Le Canigou als hoogtepunt. Op slechts een half uur rijden liggen toeristische kustplaatsjes,  &#8216;baignades sauvages&#8217; liggen nog dichterbij.<\/p>\n\n\n\n<p>Ook verschillende Katharen kastelen, Terra Vinea, steden als Narbonne, Carcassonne, Perpignan en zelfs de prachtige dorpjes Lagrasse, Bages, Peyriac-de-Mer, &#8230; liggen vlakbij en zijn echt een bezoek waard. Zet Leucate zeker op je to do-lijstje; het biedt zelfs een unieke ervaring voor oesterliefhebbers.<\/p>\n<\/div>\n<\/div>\n<\/div><\/div><\/div><\/div><\/div>\n\n\n\n<div class=\"wp-block-getwid-section alignfull alignfull getwid-margin-top-none getwid-margin-bottom-none\"><div class=\"wp-block-getwid-section__wrapper getwid-padding-top-normal getwid-padding-bottom-normal getwid-padding-left-medium getwid-padding-right-medium getwid-padding-mobile-left-small getwid-padding-mobile-right-small\"><div class=\"wp-block-getwid-section__inner-wrapper\"><div class=\"wp-block-getwid-section__background-holder\"><div class=\"wp-block-getwid-section__background\"><\/div><div class=\"wp-block-getwid-section__foreground\"><\/div><\/div><div class=\"wp-block-getwid-section__content\"><div class=\"wp-block-getwid-section__inner-content\">\n<div class=\"wp-block-columns has-2-columns is-layout-flex wp-container-core-columns-is-layout-2 wp-block-columns-is-layout-flex\">\n<div class=\"wp-block-column is-layout-flow wp-block-column-is-layout-flow\">\n<figure class=\"wp-block-image size-large\"><img loading=\"lazy\" decoding=\"async\" width=\"768\" height=\"1024\" src=\"https:\/\/www.maisoncoeurcorbieres.fr\/wp-content\/uploads\/2024\/04\/342570386_949978013082462_1102079066412898879_n-768x1024.jpg\" alt=\"\" class=\"wp-image-1117\" srcset=\"https:\/\/www.maisoncoeurcorbieres.fr\/wp-content\/uploads\/2024\/04\/342570386_949978013082462_1102079066412898879_n-768x1024.jpg 768w, https:\/\/www.maisoncoeurcorbieres.fr\/wp-content\/uploads\/2024\/04\/342570386_949978013082462_1102079066412898879_n-225x300.jpg 225w, https:\/\/www.maisoncoeurcorbieres.fr\/wp-content\/uploads\/2024\/04\/342570386_949978013082462_1102079066412898879_n-1152x1536.jpg 1152w, https:\/\/www.maisoncoeurcorbieres.fr\/wp-content\/uploads\/2024\/04\/342570386_949978013082462_1102079066412898879_n-1170x1560.jpg 1170w, https:\/\/www.maisoncoeurcorbieres.fr\/wp-content\/uploads\/2024\/04\/342570386_949978013082462_1102079066412898879_n.jpg 1536w\" sizes=\"(max-width: 768px) 100vw, 768px\" \/><\/figure>\n<\/div>\n\n\n\n<div class=\"wp-block-column is-layout-flow wp-block-column-is-layout-flow\">\n<figure class=\"wp-block-image size-large\"><img loading=\"lazy\" decoding=\"async\" width=\"1024\" height=\"768\" src=\"https:\/\/www.maisoncoeurcorbieres.fr\/wp-content\/uploads\/2024\/04\/IMG_9750-1024x768.jpeg\" alt=\"\" class=\"wp-image-1103\" srcset=\"https:\/\/www.maisoncoeurcorbieres.fr\/wp-content\/uploads\/2024\/04\/IMG_9750-1024x768.jpeg 1024w, https:\/\/www.maisoncoeurcorbieres.fr\/wp-content\/uploads\/2024\/04\/IMG_9750-300x225.jpeg 300w, https:\/\/www.maisoncoeurcorbieres.fr\/wp-content\/uploads\/2024\/04\/IMG_9750-768x576.jpeg 768w, https:\/\/www.maisoncoeurcorbieres.fr\/wp-content\/uploads\/2024\/04\/IMG_9750-1536x1152.jpeg 1536w, https:\/\/www.maisoncoeurcorbieres.fr\/wp-content\/uploads\/2024\/04\/IMG_9750-2048x1536.jpeg 2048w, https:\/\/www.maisoncoeurcorbieres.fr\/wp-content\/uploads\/2024\/04\/IMG_9750-1170x878.jpeg 1170w\" sizes=\"(max-width: 1024px) 100vw, 1024px\" \/><\/figure>\n<\/div>\n<\/div>\n<\/div><\/div><\/div><\/div><\/div>\n\n\n\n<div class=\"wp-block-getwid-section alignfull alignfull getwid-margin-top-none getwid-margin-bottom-none\"><div class=\"wp-block-getwid-section__wrapper getwid-padding-top-none getwid-padding-bottom-none getwid-padding-left-medium getwid-padding-right-medium getwid-padding-mobile-left-small getwid-padding-mobile-right-small\"><div class=\"wp-block-getwid-section__inner-wrapper\"><div class=\"wp-block-getwid-section__background-holder\"><div class=\"wp-block-getwid-section__background\"><\/div><div class=\"wp-block-getwid-section__foreground\"><\/div><\/div><div class=\"wp-block-getwid-section__content\"><div class=\"wp-block-getwid-section__inner-content\">\n<div class=\"wp-block-columns has-2-columns is-layout-flex wp-container-core-columns-is-layout-3 wp-block-columns-is-layout-flex\">\n<div class=\"wp-block-column is-layout-flow wp-block-column-is-layout-flow\">\n<div class=\"wp-block-getwid-advanced-heading is-style-style-1 has-custom-font-size\" style=\"font-size:12px;margin-bottom:0px\"><p class=\"wp-block-getwid-advanced-heading__content\" style=\"letter-spacing:0.1em\">ONTDEK onze kamers<\/p><\/div>\n\n\n\n<div class=\"wp-block-getwid-advanced-heading is-style-default\" style=\"margin-top:10px\"><h2 class=\"wp-block-getwid-advanced-heading__content\">Kamers<\/h2><\/div>\n<\/div>\n\n\n\n<div class=\"wp-block-column is-layout-flow wp-block-column-is-layout-flow\">\n<p>To do<\/p>\n<\/div>\n<\/div>\n<\/div><\/div><\/div><\/div><\/div>\n\n\n\n<div class=\"wp-block-getwid-section alignfull alignfull getwid-margin-top-none getwid-margin-bottom-none\"><div class=\"wp-block-getwid-section__wrapper getwid-padding-top-normal getwid-padding-bottom-normal getwid-padding-left-medium getwid-padding-right-medium getwid-padding-mobile-left-small getwid-padding-mobile-right-small\"><div class=\"wp-block-getwid-section__inner-wrapper\"><div class=\"wp-block-getwid-section__background-holder\"><div class=\"wp-block-getwid-section__background\"><\/div><div class=\"wp-block-getwid-section__foreground\"><\/div><\/div><div class=\"wp-block-getwid-section__content\"><div class=\"wp-block-getwid-section__inner-content\">\n<div class=\"wp-block-columns has-2-columns is-layout-flex wp-container-core-columns-is-layout-4 wp-block-columns-is-layout-flex\">\n<div class=\"wp-block-column is-layout-flow wp-block-column-is-layout-flow\">\n<div class=\"wp-block-getwid-images-stack is-layout-zeta\"><div class=\"wp-block-getwid-images-stack__wrapper\"><div class=\"wp-block-getwid-images-stack__chunk\"><div class=\"wp-block-getwid-images-stack__media-wrapper\"><div class=\"wp-block-getwid-images-stack__media-inner-wrapper\"><img loading=\"lazy\" decoding=\"async\" width=\"966\" height=\"1288\" class=\"wp-block-getwid-images-stack__media wp-image-1077\" src=\"https:\/\/www.maisoncoeurcorbieres.fr\/wp-content\/uploads\/2024\/04\/1-2.jpg\" data-id=\"1077\" data-link=\"https:\/\/www.maisoncoeurcorbieres.fr\/?attachment_id=1077\" srcset=\"https:\/\/www.maisoncoeurcorbieres.fr\/wp-content\/uploads\/2024\/04\/1-2.jpg 966w, https:\/\/www.maisoncoeurcorbieres.fr\/wp-content\/uploads\/2024\/04\/1-2-225x300.jpg 225w, https:\/\/www.maisoncoeurcorbieres.fr\/wp-content\/uploads\/2024\/04\/1-2-768x1024.jpg 768w\" sizes=\"(max-width: 966px) 100vw, 966px\" \/><\/div><\/div><div class=\"wp-block-getwid-images-stack__media-wrapper\"><div class=\"wp-block-getwid-images-stack__media-inner-wrapper\"><img loading=\"lazy\" decoding=\"async\" width=\"2560\" height=\"1920\" class=\"wp-block-getwid-images-stack__media wp-image-1062\" src=\"https:\/\/www.maisoncoeurcorbieres.fr\/wp-content\/uploads\/2024\/04\/1-scaled.jpg\" data-id=\"1062\" data-link=\"https:\/\/www.maisoncoeurcorbieres.fr\/?attachment_id=1062\" srcset=\"https:\/\/www.maisoncoeurcorbieres.fr\/wp-content\/uploads\/2024\/04\/1-scaled.jpg 2560w, https:\/\/www.maisoncoeurcorbieres.fr\/wp-content\/uploads\/2024\/04\/1-300x225.jpg 300w, https:\/\/www.maisoncoeurcorbieres.fr\/wp-content\/uploads\/2024\/04\/1-1024x768.jpg 1024w, https:\/\/www.maisoncoeurcorbieres.fr\/wp-content\/uploads\/2024\/04\/1-768x576.jpg 768w, https:\/\/www.maisoncoeurcorbieres.fr\/wp-content\/uploads\/2024\/04\/1-1536x1152.jpg 1536w, https:\/\/www.maisoncoeurcorbieres.fr\/wp-content\/uploads\/2024\/04\/1-2048x1536.jpg 2048w, https:\/\/www.maisoncoeurcorbieres.fr\/wp-content\/uploads\/2024\/04\/1-1170x878.jpg 1170w\" sizes=\"(max-width: 2560px) 100vw, 2560px\" \/><\/div><\/div><div class=\"wp-block-getwid-images-stack__media-wrapper\"><div class=\"wp-block-getwid-images-stack__media-inner-wrapper\"><img loading=\"lazy\" decoding=\"async\" width=\"2560\" height=\"1920\" class=\"wp-block-getwid-images-stack__media wp-image-1069\" src=\"https:\/\/www.maisoncoeurcorbieres.fr\/wp-content\/uploads\/2024\/04\/1-1-scaled.jpg\" data-id=\"1069\" data-link=\"https:\/\/www.maisoncoeurcorbieres.fr\/?attachment_id=1069\" srcset=\"https:\/\/www.maisoncoeurcorbieres.fr\/wp-content\/uploads\/2024\/04\/1-1-scaled.jpg 2560w, https:\/\/www.maisoncoeurcorbieres.fr\/wp-content\/uploads\/2024\/04\/1-1-300x225.jpg 300w, https:\/\/www.maisoncoeurcorbieres.fr\/wp-content\/uploads\/2024\/04\/1-1-1024x768.jpg 1024w, https:\/\/www.maisoncoeurcorbieres.fr\/wp-content\/uploads\/2024\/04\/1-1-768x576.jpg 768w, https:\/\/www.maisoncoeurcorbieres.fr\/wp-content\/uploads\/2024\/04\/1-1-1536x1152.jpg 1536w, https:\/\/www.maisoncoeurcorbieres.fr\/wp-content\/uploads\/2024\/04\/1-1-2048x1536.jpg 2048w, https:\/\/www.maisoncoeurcorbieres.fr\/wp-content\/uploads\/2024\/04\/1-1-1170x878.jpg 1170w\" sizes=\"(max-width: 2560px) 100vw, 2560px\" \/><\/div><\/div><\/div><div class=\"wp-block-getwid-images-stack__chunk\"><div class=\"wp-block-getwid-images-stack__media-wrapper\"><div class=\"wp-block-getwid-images-stack__media-inner-wrapper\"><img loading=\"lazy\" decoding=\"async\" width=\"1536\" height=\"2048\" class=\"wp-block-getwid-images-stack__media wp-image-1074\" src=\"https:\/\/www.maisoncoeurcorbieres.fr\/wp-content\/uploads\/2024\/04\/6.jpg\" data-id=\"1074\" data-link=\"https:\/\/www.maisoncoeurcorbieres.fr\/?attachment_id=1074\" srcset=\"https:\/\/www.maisoncoeurcorbieres.fr\/wp-content\/uploads\/2024\/04\/6.jpg 1536w, https:\/\/www.maisoncoeurcorbieres.fr\/wp-content\/uploads\/2024\/04\/6-225x300.jpg 225w, https:\/\/www.maisoncoeurcorbieres.fr\/wp-content\/uploads\/2024\/04\/6-768x1024.jpg 768w, https:\/\/www.maisoncoeurcorbieres.fr\/wp-content\/uploads\/2024\/04\/6-1152x1536.jpg 1152w, https:\/\/www.maisoncoeurcorbieres.fr\/wp-content\/uploads\/2024\/04\/6-1170x1560.jpg 1170w\" sizes=\"(max-width: 1536px) 100vw, 1536px\" \/><\/div><\/div><div class=\"wp-block-getwid-images-stack__media-wrapper\"><div class=\"wp-block-getwid-images-stack__media-inner-wrapper\"><img loading=\"lazy\" decoding=\"async\" width=\"1600\" height=\"1200\" class=\"wp-block-getwid-images-stack__media wp-image-1081\" src=\"https:\/\/www.maisoncoeurcorbieres.fr\/wp-content\/uploads\/2024\/04\/5-2.jpg\" data-id=\"1081\" data-link=\"https:\/\/www.maisoncoeurcorbieres.fr\/?attachment_id=1081\" srcset=\"https:\/\/www.maisoncoeurcorbieres.fr\/wp-content\/uploads\/2024\/04\/5-2.jpg 1600w, https:\/\/www.maisoncoeurcorbieres.fr\/wp-content\/uploads\/2024\/04\/5-2-300x225.jpg 300w, https:\/\/www.maisoncoeurcorbieres.fr\/wp-content\/uploads\/2024\/04\/5-2-1024x768.jpg 1024w, https:\/\/www.maisoncoeurcorbieres.fr\/wp-content\/uploads\/2024\/04\/5-2-768x576.jpg 768w, https:\/\/www.maisoncoeurcorbieres.fr\/wp-content\/uploads\/2024\/04\/5-2-1536x1152.jpg 1536w, https:\/\/www.maisoncoeurcorbieres.fr\/wp-content\/uploads\/2024\/04\/5-2-1170x878.jpg 1170w\" sizes=\"(max-width: 1600px) 100vw, 1600px\" \/><\/div><\/div><\/div><\/div><\/div>\n<\/div>\n\n\n\n<div class=\"wp-block-column is-layout-flow wp-block-column-is-layout-flow\">\n<div class=\"wp-block-getwid-images-stack\"><div class=\"wp-block-getwid-images-stack__wrapper\"><div class=\"wp-block-getwid-images-stack__chunk\"><div class=\"wp-block-getwid-images-stack__media-wrapper\"><div class=\"wp-block-getwid-images-stack__media-inner-wrapper\"><img loading=\"lazy\" decoding=\"async\" width=\"1920\" height=\"2560\" class=\"wp-block-getwid-images-stack__media wp-image-1070\" src=\"https:\/\/www.maisoncoeurcorbieres.fr\/wp-content\/uploads\/2024\/04\/2-1-scaled.jpg\" data-id=\"1070\" data-link=\"https:\/\/www.maisoncoeurcorbieres.fr\/?attachment_id=1070\" srcset=\"https:\/\/www.maisoncoeurcorbieres.fr\/wp-content\/uploads\/2024\/04\/2-1-scaled.jpg 1920w, https:\/\/www.maisoncoeurcorbieres.fr\/wp-content\/uploads\/2024\/04\/2-1-225x300.jpg 225w, https:\/\/www.maisoncoeurcorbieres.fr\/wp-content\/uploads\/2024\/04\/2-1-768x1024.jpg 768w, https:\/\/www.maisoncoeurcorbieres.fr\/wp-content\/uploads\/2024\/04\/2-1-1152x1536.jpg 1152w, https:\/\/www.maisoncoeurcorbieres.fr\/wp-content\/uploads\/2024\/04\/2-1-1536x2048.jpg 1536w, https:\/\/www.maisoncoeurcorbieres.fr\/wp-content\/uploads\/2024\/04\/2-1-1170x1560.jpg 1170w\" sizes=\"(max-width: 1920px) 100vw, 1920px\" \/><\/div><\/div><div class=\"wp-block-getwid-images-stack__media-wrapper\"><div class=\"wp-block-getwid-images-stack__media-inner-wrapper\"><img loading=\"lazy\" decoding=\"async\" width=\"2560\" height=\"1920\" class=\"wp-block-getwid-images-stack__media wp-image-1063\" src=\"https:\/\/www.maisoncoeurcorbieres.fr\/wp-content\/uploads\/2024\/04\/2-scaled.jpg\" data-id=\"1063\" data-link=\"https:\/\/www.maisoncoeurcorbieres.fr\/?attachment_id=1063\" srcset=\"https:\/\/www.maisoncoeurcorbieres.fr\/wp-content\/uploads\/2024\/04\/2-scaled.jpg 2560w, https:\/\/www.maisoncoeurcorbieres.fr\/wp-content\/uploads\/2024\/04\/2-300x225.jpg 300w, https:\/\/www.maisoncoeurcorbieres.fr\/wp-content\/uploads\/2024\/04\/2-1024x768.jpg 1024w, https:\/\/www.maisoncoeurcorbieres.fr\/wp-content\/uploads\/2024\/04\/2-768x576.jpg 768w, https:\/\/www.maisoncoeurcorbieres.fr\/wp-content\/uploads\/2024\/04\/2-1536x1152.jpg 1536w, https:\/\/www.maisoncoeurcorbieres.fr\/wp-content\/uploads\/2024\/04\/2-2048x1536.jpg 2048w, https:\/\/www.maisoncoeurcorbieres.fr\/wp-content\/uploads\/2024\/04\/2-1170x878.jpg 1170w\" sizes=\"(max-width: 2560px) 100vw, 2560px\" \/><\/div><\/div><div class=\"wp-block-getwid-images-stack__media-wrapper\"><div class=\"wp-block-getwid-images-stack__media-inner-wrapper\"><img loading=\"lazy\" decoding=\"async\" width=\"1920\" height=\"2560\" class=\"wp-block-getwid-images-stack__media wp-image-1073\" src=\"https:\/\/www.maisoncoeurcorbieres.fr\/wp-content\/uploads\/2024\/04\/5-1-scaled.jpg\" data-id=\"1073\" data-link=\"https:\/\/www.maisoncoeurcorbieres.fr\/?attachment_id=1073\" srcset=\"https:\/\/www.maisoncoeurcorbieres.fr\/wp-content\/uploads\/2024\/04\/5-1-scaled.jpg 1920w, https:\/\/www.maisoncoeurcorbieres.fr\/wp-content\/uploads\/2024\/04\/5-1-225x300.jpg 225w, https:\/\/www.maisoncoeurcorbieres.fr\/wp-content\/uploads\/2024\/04\/5-1-768x1024.jpg 768w, https:\/\/www.maisoncoeurcorbieres.fr\/wp-content\/uploads\/2024\/04\/5-1-1152x1536.jpg 1152w, https:\/\/www.maisoncoeurcorbieres.fr\/wp-content\/uploads\/2024\/04\/5-1-1536x2048.jpg 1536w, https:\/\/www.maisoncoeurcorbieres.fr\/wp-content\/uploads\/2024\/04\/5-1-1170x1560.jpg 1170w\" sizes=\"(max-width: 1920px) 100vw, 1920px\" \/><\/div><\/div><\/div><div class=\"wp-block-getwid-images-stack__chunk\"><div class=\"wp-block-getwid-images-stack__media-wrapper\"><div class=\"wp-block-getwid-images-stack__media-inner-wrapper\"><img loading=\"lazy\" decoding=\"async\" width=\"966\" height=\"966\" class=\"wp-block-getwid-images-stack__media wp-image-1079\" src=\"https:\/\/www.maisoncoeurcorbieres.fr\/wp-content\/uploads\/2024\/04\/3.webp\" data-id=\"1079\" data-link=\"https:\/\/www.maisoncoeurcorbieres.fr\/?attachment_id=1079\" srcset=\"https:\/\/www.maisoncoeurcorbieres.fr\/wp-content\/uploads\/2024\/04\/3.webp 966w, https:\/\/www.maisoncoeurcorbieres.fr\/wp-content\/uploads\/2024\/04\/3-300x300.webp 300w, https:\/\/www.maisoncoeurcorbieres.fr\/wp-content\/uploads\/2024\/04\/3-150x150.webp 150w, https:\/\/www.maisoncoeurcorbieres.fr\/wp-content\/uploads\/2024\/04\/3-768x768.webp 768w\" sizes=\"(max-width: 966px) 100vw, 966px\" \/><\/div><\/div><\/div><\/div><\/div>\n<\/div>\n<\/div>\n<\/div><\/div><\/div><\/div><\/div>\n\n\n\n<div class=\"wp-block-getwid-section alignfull alignfull getwid-margin-top-none getwid-margin-bottom-none\"><div class=\"wp-block-getwid-section__wrapper getwid-padding-top-none getwid-padding-bottom-none getwid-padding-left-medium getwid-padding-right-medium getwid-padding-mobile-left-small getwid-padding-mobile-right-small\"><div class=\"wp-block-getwid-section__inner-wrapper\"><div class=\"wp-block-getwid-section__background-holder\"><div class=\"wp-block-getwid-section__background\"><\/div><div class=\"wp-block-getwid-section__foreground\"><\/div><\/div><div class=\"wp-block-getwid-section__content\"><div class=\"wp-block-getwid-section__inner-content\">\n<div class=\"wp-block-columns has-2-columns is-layout-flex wp-container-core-columns-is-layout-5 wp-block-columns-is-layout-flex\">\n<div class=\"wp-block-column is-layout-flow wp-block-column-is-layout-flow\">\n<div class=\"wp-block-getwid-advanced-heading is-style-style-1 has-custom-font-size\" style=\"font-size:12px;margin-bottom:0px\"><p class=\"wp-block-getwid-advanced-heading__content\" style=\"text-transform:uppercase;letter-spacing:0.1em\">Een gezellige &#8216;Chambre d&#8217;h\u00f4tes&#8217; in het hart van Corbi\u00e8res: MaCoCo<\/p><\/div>\n\n\n\n<div class=\"wp-block-getwid-advanced-heading is-style-default\" style=\"margin-top:10px\"><h2 class=\"wp-block-getwid-advanced-heading__content\">Geschiedenis van MaCoCo<\/h2><\/div>\n\n\n\n<div class=\"wp-block-getwid-section\"><div class=\"wp-block-getwid-section__wrapper\"><div class=\"wp-block-getwid-section__inner-wrapper\"><div class=\"wp-block-getwid-section__background-holder\"><div class=\"wp-block-getwid-section__background\"><\/div><div class=\"wp-block-getwid-section__foreground\"><\/div><\/div><div class=\"wp-block-getwid-section__content\"><div class=\"wp-block-getwid-section__inner-content\">\n<p class=\"has-grey-color has-text-color\"><em>To do<\/em><\/p>\n\n\n\n<p><a href=\"#\">Verder lezen <\/a><\/p>\n<\/div><\/div><\/div><\/div><\/div>\n<\/div>\n\n\n\n<div class=\"wp-block-column is-layout-flow wp-block-column-is-layout-flow\">\n<p><\/p>\n<\/div>\n<\/div>\n\n\n\n<div style=\"height:75px\" aria-hidden=\"true\" class=\"wp-block-spacer\"><\/div>\n\n\n\n<hr class=\"wp-block-separator has-css-opacity is-style-wide\"\/>\n<\/div><\/div><\/div><\/div><\/div>\n","protected":false},"excerpt":{"rendered":"","protected":false},"author":1,"featured_media":2181,"parent":0,"menu_order":0,"comment_status":"closed","ping_status":"closed","template":"","meta":{"inline_featured_image":false,"footnotes":""},"_links":{"self":[{"href":"https:\/\/www.maisoncoeurcorbieres.fr\/index.php?rest_route=\/wp\/v2\/pages\/2389"}],"collection":[{"href":"https:\/\/www.maisoncoeurcorbieres.fr\/index.php?rest_route=\/wp\/v2\/pages"}],"about":[{"href":"https:\/\/www.maisoncoeurcorbieres.fr\/index.php?rest_route=\/wp\/v2\/types\/page"}],"author":[{"embeddable":true,"href":"https:\/\/www.maisoncoeurcorbieres.fr\/index.php?rest_route=\/wp\/v2\/users\/1"}],"replies":[{"embeddable":true,"href":"https:\/\/www.maisoncoeurcorbieres.fr\/index.php?rest_route=%2Fwp%2Fv2%2Fcomments&post=2389"}],"version-history":[{"count":11,"href":"https:\/\/www.maisoncoeurcorbieres.fr\/index.php?rest_route=\/wp\/v2\/pages\/2389\/revisions"}],"predecessor-version":[{"id":4341,"href":"https:\/\/www.maisoncoeurcorbieres.fr\/index.php?rest_route=\/wp\/v2\/pages\/2389\/revisions\/4341"}],"wp:featuredmedia":[{"embeddable":true,"href":"https:\/\/www.maisoncoeurcorbieres.fr\/index.php?rest_route=\/wp\/v2\/media\/2181"}],"wp:attachment":[{"href":"https:\/\/www.maisoncoeurcorbieres.fr\/index.php?rest_route=%2Fwp%2Fv2%2Fmedia&parent=2389"}],"curies":[{"name":"wp","href":"https:\/\/api.w.org\/{rel}","templated":true}]}}