{"id":2427,"date":"2019-07-10T14:40:32","date_gmt":"2019-07-10T12:40:32","guid":{"rendered":"https:\/\/www.maisoncoeurcorbieres.fr\/?page_id=2427"},"modified":"2024-06-10T20:46:31","modified_gmt":"2024-06-10T18:46:31","slug":"activites","status":"publish","type":"page","link":"https:\/\/www.maisoncoeurcorbieres.fr\/?page_id=2427&lang=fr","title":{"rendered":"Activit\u00e9s"},"content":{"rendered":"\n<p>Imm\u00e9diatement, en sortant notre terrain, vous trouverez plusieurs sentiers de randonn\u00e9e dans la garrigue. Votre randonn\u00e9e sera certainement anim\u00e9e par la pr\u00e9sence luxuriante de plantes herbac\u00e9es et de faune tout en profitant des vues \u00e9tonnantes sur le rivage et les Pyr\u00e9n\u00e9es avec Le Canigou comme point culminant. \u00c0 qu&#8217;une demi-heure, vous trouverez des villages baln\u00e9aires touristiques et des &#8220;baignades suavages&#8221; encore plus proches.<\/p>\n\n<!--more-->\n\n<div style=\"height:50px\" aria-hidden=\"true\" class=\"wp-block-spacer\"><\/div>\n\n<div class=\"wp-block-getwid-section alignfull alignfull getwid-margin-top-none getwid-margin-bottom-none\"><div class=\"wp-block-getwid-section__wrapper getwid-padding-top-none getwid-padding-bottom-normal getwid-padding-left-medium getwid-padding-right-medium getwid-padding-mobile-left-small getwid-padding-mobile-right-small\"><div class=\"wp-block-getwid-section__inner-wrapper\"><div class=\"wp-block-getwid-section__background-holder\"><div class=\"wp-block-getwid-section__background\"><\/div><div class=\"wp-block-getwid-section__foreground\"><\/div><\/div><div class=\"wp-block-getwid-section__content\"><div class=\"wp-block-getwid-section__inner-content\">\n<div class=\"wp-block-columns has-3-columns is-layout-flex wp-container-core-columns-is-layout-1 wp-block-columns-is-layout-flex\">\n<div class=\"wp-block-column is-layout-flow wp-block-column-is-layout-flow\">\n<div class=\"wp-block-getwid-icon-box has-text-center\"><div style=\"margin-bottom:0px\" class=\"wp-block-getwid-icon-box__icon-container is-position-top\"><div class=\"wp-block-getwid-icon-box__icon-wrapper has-text-color has-gold-color\" style=\"font-size:60px;padding:0px\"><i class=\"fas fa-swimmer\"><\/i><\/div><\/div><div class=\"wp-block-getwid-icon-box__content\">\n<div class=\"wp-block-getwid-advanced-heading\" style=\"margin-bottom:20px\"><h4 class=\"wp-block-getwid-advanced-heading__content\">Baignade sauvage<\/h4><\/div>\n\n\n\n<p>Profitez d&#8217;une plonge rafra\u00eechissante pendant les chaudes journ\u00e9es d&#8217;\u00e9t\u00e9. Il y a plusieurs endroits dans un rayon de 15 km o\u00f9 vous pouvez nager. <\/p>\n<\/div><\/div>\n\n\n\n<div class=\"wp-block-button is-style-link aligncenter\"><a class=\"wp-block-button__link wp-element-button\" href=\"#\">En savoir plus<\/a><\/div>\n<\/div>\n\n\n\n<div class=\"wp-block-column is-layout-flow wp-block-column-is-layout-flow\">\n<div class=\"wp-block-getwid-icon-box has-text-center\"><div style=\"margin-bottom:0px\" class=\"wp-block-getwid-icon-box__icon-container is-position-top\"><div class=\"wp-block-getwid-icon-box__icon-wrapper has-text-color has-gold-color\" style=\"font-size:60px;padding:0px\"><i class=\"fab fa-fort-awesome\"><\/i><\/div><\/div><div class=\"wp-block-getwid-icon-box__content\">\n<div class=\"wp-block-getwid-advanced-heading\" style=\"margin-bottom:20px\"><h4 class=\"wp-block-getwid-advanced-heading__content\">Ch\u00e2teaux et randonn\u00e9es<\/h4><\/div>\n\n\n\n<p>Prenez le temps de visiter quelques ch\u00e2teaux m\u00e9di\u00e9vaux exquis du pays cathare &amp;<br\/>d\u00e9couvrez les joyaux cach\u00e9s de randonn\u00e9e autour de MaCoCo.<\/p>\n<\/div><\/div>\n\n\n\n<div class=\"wp-block-button is-style-link aligncenter\"><a class=\"wp-block-button__link wp-element-button\" href=\"#\">En savoir plus<\/a><\/div>\n<\/div>\n\n\n\n<div class=\"wp-block-column is-layout-flow wp-block-column-is-layout-flow\">\n<div class=\"wp-block-getwid-icon-box has-text-center\"><div style=\"margin-bottom:0px\" class=\"wp-block-getwid-icon-box__icon-container is-position-top\"><div class=\"wp-block-getwid-icon-box__icon-wrapper has-text-color has-gold-color\" style=\"font-size:60px;padding:0px\"><i class=\"fas fa-wine-bottle\"><\/i><\/div><\/div><div class=\"wp-block-getwid-icon-box__content\">\n<div class=\"wp-block-getwid-advanced-heading\" style=\"margin-bottom:20px\"><h4 class=\"wp-block-getwid-advanced-heading__content\">D\u00e9gustation de vins<\/h4><\/div>\n\n\n\n<p>D\u00e9couvrez de nombreux lieux de d\u00e9gustation de vins dans notre ch\u00e8re r\u00e9gion des Corbi\u00e8res.<\/p>\n<\/div><\/div>\n\n\n\n<div class=\"wp-block-button is-style-link aligncenter\"><a class=\"wp-block-button__link wp-element-button\" href=\"#\">En savoir plus<\/a><\/div>\n<\/div>\n<\/div>\n<\/div><\/div><\/div><\/div><\/div>\n\n<div class=\"wp-block-getwid-section alignfull alignfull getwid-margin-top-none getwid-margin-bottom-none\"><div class=\"wp-block-getwid-section__wrapper getwid-padding-top-none getwid-padding-bottom-large getwid-padding-left-medium getwid-padding-right-medium getwid-padding-mobile-left-small getwid-padding-mobile-right-small\"><div class=\"wp-block-getwid-section__inner-wrapper\"><div class=\"wp-block-getwid-section__background-holder\"><div class=\"wp-block-getwid-section__background\"><\/div><div class=\"wp-block-getwid-section__foreground\"><\/div><\/div><div class=\"wp-block-getwid-section__content\"><div class=\"wp-block-getwid-section__inner-content\">\n<div class=\"wp-block-columns has-2-columns is-layout-flex wp-container-core-columns-is-layout-2 wp-block-columns-is-layout-flex\">\n<div class=\"wp-block-column is-layout-flow wp-block-column-is-layout-flow\">\n<div class=\"wp-block-getwid-banner has-animation-style4 has-text-animation-opacity-bottom has-foreground-0\"><a href=\"#\" class=\"wp-block-getwid-banner__link\"><div class=\"wp-block-getwid-banner__wrapper\"><img loading=\"lazy\" decoding=\"async\" width=\"1200\" height=\"900\" src=\"https:\/\/www.maisoncoeurcorbieres.fr\/wp-content\/uploads\/2024\/04\/Sans-titre-3-59.jpg\" alt=\"\" class=\"wp-block-getwid-banner__image wp-block-getwid-banner__source wp-image-1160\" srcset=\"https:\/\/www.maisoncoeurcorbieres.fr\/wp-content\/uploads\/2024\/04\/Sans-titre-3-59.jpg 1200w, https:\/\/www.maisoncoeurcorbieres.fr\/wp-content\/uploads\/2024\/04\/Sans-titre-3-59-300x225.jpg 300w, https:\/\/www.maisoncoeurcorbieres.fr\/wp-content\/uploads\/2024\/04\/Sans-titre-3-59-1024x768.jpg 1024w, https:\/\/www.maisoncoeurcorbieres.fr\/wp-content\/uploads\/2024\/04\/Sans-titre-3-59-768x576.jpg 768w, https:\/\/www.maisoncoeurcorbieres.fr\/wp-content\/uploads\/2024\/04\/Sans-titre-3-59-1170x878.jpg 1170w\" sizes=\"(max-width: 1200px) 100vw, 1200px\" \/><div class=\"wp-block-getwid-banner__caption\"><div class=\"wp-block-getwid-banner__caption-wrapper\"><span class=\"wp-block-getwid-banner__title\"><strong>Ch\u00e2teau Queribus<\/strong><\/span><p class=\"wp-block-getwid-banner__text\">D\u00e9couvrez le monde de l&#8217;Occitanie m\u00e9di\u00e9vale et plus encore&#8230;<\/p><\/div><\/div><\/div><\/a><\/div>\n<\/div>\n\n\n\n<div class=\"wp-block-column is-layout-flow wp-block-column-is-layout-flow\">\n<div class=\"wp-block-getwid-banner has-animation-style4 has-text-animation-opacity-bottom has-foreground-0\"><a href=\"#\" class=\"wp-block-getwid-banner__link\"><div class=\"wp-block-getwid-banner__wrapper\"><img loading=\"lazy\" decoding=\"async\" width=\"2000\" height=\"1243\" src=\"https:\/\/www.maisoncoeurcorbieres.fr\/wp-content\/uploads\/2024\/04\/abbaye-de-fontfroide.jpeg\" alt=\"\" class=\"wp-block-getwid-banner__image wp-block-getwid-banner__source wp-image-1162\" srcset=\"https:\/\/www.maisoncoeurcorbieres.fr\/wp-content\/uploads\/2024\/04\/abbaye-de-fontfroide.jpeg 2000w, https:\/\/www.maisoncoeurcorbieres.fr\/wp-content\/uploads\/2024\/04\/abbaye-de-fontfroide-300x186.jpeg 300w, https:\/\/www.maisoncoeurcorbieres.fr\/wp-content\/uploads\/2024\/04\/abbaye-de-fontfroide-1024x636.jpeg 1024w, https:\/\/www.maisoncoeurcorbieres.fr\/wp-content\/uploads\/2024\/04\/abbaye-de-fontfroide-768x477.jpeg 768w, https:\/\/www.maisoncoeurcorbieres.fr\/wp-content\/uploads\/2024\/04\/abbaye-de-fontfroide-1536x955.jpeg 1536w, https:\/\/www.maisoncoeurcorbieres.fr\/wp-content\/uploads\/2024\/04\/abbaye-de-fontfroide-1170x727.jpeg 1170w\" sizes=\"(max-width: 2000px) 100vw, 2000px\" \/><div class=\"wp-block-getwid-banner__caption\"><div class=\"wp-block-getwid-banner__caption-wrapper\"><span class=\"wp-block-getwid-banner__title\"><strong>Abbaye Fontfroide<\/strong><\/span><p class=\"wp-block-getwid-banner__text\">Goutez de la vie culturelle et artistique d&#8217;autrefois.<\/p><\/div><\/div><\/div><\/a><\/div>\n<\/div>\n<\/div>\n<\/div><\/div><\/div><\/div><\/div>\n\n<div class=\"wp-block-getwid-section alignfull alignfull getwid-margin-top-none getwid-margin-bottom-none\"><div class=\"wp-block-getwid-section__wrapper getwid-padding-top-none getwid-padding-bottom-none getwid-padding-left-medium getwid-padding-right-medium getwid-padding-mobile-left-small getwid-padding-mobile-right-small\"><div class=\"wp-block-getwid-section__inner-wrapper\"><div class=\"wp-block-getwid-section__background-holder\"><div class=\"wp-block-getwid-section__background\" style=\"background-image:url('https:\/\/www.maisoncoeurcorbieres.fr\/wp-content\/uploads\/2024\/04\/IMG_1044-scaled.jpeg')\"><div class=\"wp-block-getwid-section__background-image-wrapper\"><img decoding=\"async\" class=\"wp-block-getwid-section__background-image\" src=\"https:\/\/www.maisoncoeurcorbieres.fr\/wp-content\/uploads\/2024\/04\/IMG_1044-scaled.jpeg\" alt=\"\"\/><\/div><\/div><div class=\"wp-block-getwid-section__foreground\"><\/div><\/div><div class=\"wp-block-getwid-section__content\"><div class=\"wp-block-getwid-section__inner-content\">\n<div class=\"wp-block-getwid-section\" style=\"margin-top:-60px;margin-bottom:-60px\"><div class=\"wp-block-getwid-section__wrapper getwid-padding-left-normal getwid-padding-right-normal getwid-margin-tablet-right-none\" style=\"margin-right:50%;padding-top:109px;padding-bottom:110px\"><div class=\"wp-block-getwid-section__inner-wrapper\"><div class=\"wp-block-getwid-section__background-holder\"><div class=\"wp-block-getwid-section__background has-background\" style=\"background-color:#e9b08a\"><\/div><div class=\"wp-block-getwid-section__foreground\"><\/div><\/div><div class=\"wp-block-getwid-section__content\"><div class=\"wp-block-getwid-section__inner-content\">\n<div class=\"wp-block-getwid-advanced-heading has-custom-font-size\" style=\"font-size:31px;margin-bottom:40px\"><h3 class=\"wp-block-getwid-advanced-heading__content has-text-color has-white-color\">Facilit\u00e9s<\/h3><\/div>\n\n\n\n<p class=\"has-white-color has-text-color\"><\/p>\n\n\n\n<div style=\"height:30px\" aria-hidden=\"true\" class=\"wp-block-spacer\"><\/div>\n\n\n\n<div class=\"wp-block-columns has-3-columns is-layout-flex wp-container-core-columns-is-layout-3 wp-block-columns-is-layout-flex\">\n<div class=\"wp-block-column is-layout-flow wp-block-column-is-layout-flow\">\n<div class=\"wp-block-getwid-icon-box has-text-center\"><div style=\"margin-bottom:12px\" class=\"wp-block-getwid-icon-box__icon-container has-layout-stacked is-position-top\"><div class=\"wp-block-getwid-icon-box__icon-wrapper has-background has-white-background-color has-text-color has-gold-color\" style=\"font-size:18px;padding:20px\"><i class=\"fas fa-tv\"><\/i><\/div><\/div><div class=\"wp-block-getwid-icon-box__content\">\n<div class=\"wp-block-getwid-advanced-heading\"><h6 class=\"wp-block-getwid-advanced-heading__content has-text-color has-white-color\">TV<\/h6><\/div>\n<\/div><\/div>\n\n\n\n<div class=\"wp-block-getwid-icon-box has-text-center\"><div style=\"margin-bottom:12px\" class=\"wp-block-getwid-icon-box__icon-container has-layout-stacked is-position-top\"><div class=\"wp-block-getwid-icon-box__icon-wrapper has-background has-white-background-color has-text-color has-gold-color\" style=\"font-size:18px;padding:20px\"><i class=\"fas fa-cocktail\"><\/i><\/div><\/div><div class=\"wp-block-getwid-icon-box__content\">\n<div class=\"wp-block-getwid-advanced-heading\"><h6 class=\"wp-block-getwid-advanced-heading__content has-text-color has-white-color\">Mini bar<\/h6><\/div>\n<\/div><\/div>\n<\/div>\n\n\n\n<div class=\"wp-block-column is-layout-flow wp-block-column-is-layout-flow\">\n<div class=\"wp-block-getwid-icon-box has-text-center\"><div style=\"margin-bottom:12px\" class=\"wp-block-getwid-icon-box__icon-container has-layout-stacked is-position-top\"><div class=\"wp-block-getwid-icon-box__icon-wrapper has-background has-white-background-color has-text-color has-gold-color\" style=\"font-size:18px;padding:20px\"><i class=\"fas fa-bed\"><\/i><\/div><\/div><div class=\"wp-block-getwid-icon-box__content\">\n<div class=\"wp-block-getwid-advanced-heading\"><h6 class=\"wp-block-getwid-advanced-heading__content has-text-color has-white-color\">Lits doubles<\/h6><\/div>\n<\/div><\/div>\n\n\n\n<div class=\"wp-block-getwid-icon-box has-text-center\"><div style=\"margin-bottom:12px\" class=\"wp-block-getwid-icon-box__icon-container has-layout-stacked is-position-top\"><div class=\"wp-block-getwid-icon-box__icon-wrapper has-background has-white-background-color has-text-color has-gold-color\" style=\"font-size:18px;padding:20px\"><i class=\"fas fa-snowflake\"><\/i><\/div><\/div><div class=\"wp-block-getwid-icon-box__content\">\n<div class=\"wp-block-getwid-advanced-heading\"><h6 class=\"wp-block-getwid-advanced-heading__content has-text-color has-white-color\">R\u00e9frig\u00e9rateur am\u00e9ricain<\/h6><\/div>\n<\/div><\/div>\n<\/div>\n\n\n\n<div class=\"wp-block-column is-layout-flow wp-block-column-is-layout-flow\">\n<div class=\"wp-block-getwid-icon-box has-text-center\"><div style=\"margin-bottom:12px\" class=\"wp-block-getwid-icon-box__icon-container has-layout-stacked is-position-top\"><div class=\"wp-block-getwid-icon-box__icon-wrapper has-background has-white-background-color has-text-color has-gold-color\" style=\"font-size:18px;padding:20px\"><i class=\"fas fa-smoking\"><\/i><\/div><\/div><div class=\"wp-block-getwid-icon-box__content\">\n<div class=\"wp-block-getwid-advanced-heading\"><h6 class=\"wp-block-getwid-advanced-heading__content has-text-color has-white-color\">Non fum\u00e9<\/h6><\/div>\n<\/div><\/div>\n\n\n\n<div class=\"wp-block-getwid-icon-box has-text-center\"><div style=\"margin-bottom:12px\" class=\"wp-block-getwid-icon-box__icon-container has-layout-stacked is-position-top\"><div class=\"wp-block-getwid-icon-box__icon-wrapper has-background has-white-background-color has-text-color has-gold-color\" style=\"font-size:18px;padding:20px\"><i class=\"fas fa-bath\"><\/i><\/div><\/div><div class=\"wp-block-getwid-icon-box__content\">\n<div class=\"wp-block-getwid-advanced-heading\"><h6 class=\"wp-block-getwid-advanced-heading__content has-text-color has-white-color\">Salles de bains<\/h6><\/div>\n<\/div><\/div>\n<\/div>\n<\/div>\n<\/div><\/div><\/div><\/div><\/div>\n<\/div><\/div><\/div><\/div><\/div>\n\n<div class=\"wp-block-getwid-section alignfull alignfull getwid-margin-top-none getwid-margin-bottom-none\"><div class=\"wp-block-getwid-section__wrapper getwid-padding-top-large getwid-padding-bottom-none getwid-padding-left-medium getwid-padding-right-medium getwid-padding-mobile-left-small getwid-padding-mobile-right-small\"><div class=\"wp-block-getwid-section__inner-wrapper\"><div class=\"wp-block-getwid-section__background-holder\"><div class=\"wp-block-getwid-section__background\"><\/div><div class=\"wp-block-getwid-section__foreground\"><\/div><\/div><div class=\"wp-block-getwid-section__content\"><div class=\"wp-block-getwid-section__inner-content\">\n<div class=\"wp-block-columns has-2-columns is-layout-flex wp-container-core-columns-is-layout-4 wp-block-columns-is-layout-flex\">\n<div class=\"wp-block-column is-layout-flow wp-block-column-is-layout-flow\">\n<div class=\"wp-block-getwid-section\"><div class=\"wp-block-getwid-section__wrapper getwid-padding-top-none getwid-padding-bottom-none getwid-padding-left-none getwid-padding-tablet-right-none\" style=\"padding-right:30px\"><div class=\"wp-block-getwid-section__inner-wrapper\"><div class=\"wp-block-getwid-section__background-holder\"><div class=\"wp-block-getwid-section__background\"><\/div><div class=\"wp-block-getwid-section__foreground\"><\/div><\/div><div class=\"wp-block-getwid-section__content\"><div class=\"wp-block-getwid-section__inner-content\">\n<div class=\"wp-block-getwid-advanced-heading is-style-style-1 has-custom-font-size\" style=\"font-size:12px;margin-bottom:10px\"><p class=\"wp-block-getwid-advanced-heading__content\" style=\"text-transform:uppercase;letter-spacing:1px\">NATATION EN PLEIN AIR<\/p><\/div>\n\n\n\n<div class=\"wp-block-getwid-advanced-heading is-style-default\" style=\"margin-bottom:30px\"><h2 class=\"wp-block-getwid-advanced-heading__content\" style=\"text-transform:none;letter-spacing:1px\">Baignades sauvages<\/h2><\/div>\n\n\n\n<p>Choses \u00e0 faire<\/p>\n\n\n\n<div style=\"height:20px\" aria-hidden=\"true\" class=\"wp-block-spacer\"><\/div>\n<\/div><\/div><\/div><\/div><\/div>\n<\/div>\n\n\n\n<div class=\"wp-block-column is-layout-flow wp-block-column-is-layout-flow\">\n<div class=\"wp-block-getwid-images-stack is-layout-delta\"><div class=\"wp-block-getwid-images-stack__wrapper\"><div class=\"wp-block-getwid-images-stack__chunk\"><div class=\"wp-block-getwid-images-stack__media-wrapper\"><div class=\"wp-block-getwid-images-stack__media-inner-wrapper\"><img loading=\"lazy\" decoding=\"async\" width=\"2560\" height=\"1920\" class=\"wp-block-getwid-images-stack__media wp-image-1171\" src=\"https:\/\/www.maisoncoeurcorbieres.fr\/wp-content\/uploads\/2024\/04\/IMG_5298-scaled.jpeg\" data-id=\"1171\" data-link=\"https:\/\/www.maisoncoeurcorbieres.fr\/?attachment_id=1171\" srcset=\"https:\/\/www.maisoncoeurcorbieres.fr\/wp-content\/uploads\/2024\/04\/IMG_5298-scaled.jpeg 2560w, https:\/\/www.maisoncoeurcorbieres.fr\/wp-content\/uploads\/2024\/04\/IMG_5298-300x225.jpeg 300w, https:\/\/www.maisoncoeurcorbieres.fr\/wp-content\/uploads\/2024\/04\/IMG_5298-1024x768.jpeg 1024w, https:\/\/www.maisoncoeurcorbieres.fr\/wp-content\/uploads\/2024\/04\/IMG_5298-768x576.jpeg 768w, https:\/\/www.maisoncoeurcorbieres.fr\/wp-content\/uploads\/2024\/04\/IMG_5298-1536x1152.jpeg 1536w, https:\/\/www.maisoncoeurcorbieres.fr\/wp-content\/uploads\/2024\/04\/IMG_5298-2048x1536.jpeg 2048w, https:\/\/www.maisoncoeurcorbieres.fr\/wp-content\/uploads\/2024\/04\/IMG_5298-1170x878.jpeg 1170w\" sizes=\"(max-width: 2560px) 100vw, 2560px\" \/><\/div><\/div><div class=\"wp-block-getwid-images-stack__media-wrapper\"><div class=\"wp-block-getwid-images-stack__media-inner-wrapper\"><img loading=\"lazy\" decoding=\"async\" width=\"2560\" height=\"1920\" class=\"wp-block-getwid-images-stack__media wp-image-1170\" src=\"https:\/\/www.maisoncoeurcorbieres.fr\/wp-content\/uploads\/2024\/04\/IMG_5200-scaled.jpeg\" data-id=\"1170\" data-link=\"https:\/\/www.maisoncoeurcorbieres.fr\/?attachment_id=1170\" srcset=\"https:\/\/www.maisoncoeurcorbieres.fr\/wp-content\/uploads\/2024\/04\/IMG_5200-scaled.jpeg 2560w, https:\/\/www.maisoncoeurcorbieres.fr\/wp-content\/uploads\/2024\/04\/IMG_5200-300x225.jpeg 300w, https:\/\/www.maisoncoeurcorbieres.fr\/wp-content\/uploads\/2024\/04\/IMG_5200-1024x768.jpeg 1024w, https:\/\/www.maisoncoeurcorbieres.fr\/wp-content\/uploads\/2024\/04\/IMG_5200-768x576.jpeg 768w, https:\/\/www.maisoncoeurcorbieres.fr\/wp-content\/uploads\/2024\/04\/IMG_5200-1536x1152.jpeg 1536w, https:\/\/www.maisoncoeurcorbieres.fr\/wp-content\/uploads\/2024\/04\/IMG_5200-2048x1536.jpeg 2048w, https:\/\/www.maisoncoeurcorbieres.fr\/wp-content\/uploads\/2024\/04\/IMG_5200-1170x878.jpeg 1170w\" sizes=\"(max-width: 2560px) 100vw, 2560px\" \/><\/div><\/div><\/div><\/div><\/div>\n<\/div>\n<\/div>\n<\/div><\/div><\/div><\/div><\/div>\n\n<div class=\"wp-block-getwid-section alignfull alignfull getwid-margin-top-none getwid-margin-bottom-none\"><div class=\"wp-block-getwid-section__wrapper getwid-padding-top-large getwid-padding-bottom-none getwid-padding-left-medium getwid-padding-right-medium getwid-padding-mobile-left-small getwid-padding-mobile-right-small\"><div class=\"wp-block-getwid-section__inner-wrapper\"><div class=\"wp-block-getwid-section__background-holder\"><div class=\"wp-block-getwid-section__background\"><\/div><div class=\"wp-block-getwid-section__foreground\"><\/div><\/div><div class=\"wp-block-getwid-section__content\"><div class=\"wp-block-getwid-section__inner-content\">\n<div class=\"wp-block-columns has-2-columns is-layout-flex wp-container-core-columns-is-layout-5 wp-block-columns-is-layout-flex\">\n<div class=\"wp-block-column is-layout-flow wp-block-column-is-layout-flow\">\n<div class=\"wp-block-getwid-section\"><div class=\"wp-block-getwid-section__wrapper getwid-padding-top-none getwid-padding-bottom-none getwid-padding-left-none getwid-padding-tablet-right-none\" style=\"padding-right:30px\"><div class=\"wp-block-getwid-section__inner-wrapper\"><div class=\"wp-block-getwid-section__background-holder\"><div class=\"wp-block-getwid-section__background\"><\/div><div class=\"wp-block-getwid-section__foreground\"><\/div><\/div><div class=\"wp-block-getwid-section__content\"><div class=\"wp-block-getwid-section__inner-content\">\n<div class=\"wp-block-getwid-advanced-heading is-style-style-1 has-custom-font-size\" style=\"font-size:12px;margin-bottom:10px\"><p class=\"wp-block-getwid-advanced-heading__content\" style=\"text-transform:uppercase;letter-spacing:1px\">La c\u00f4te<\/p><\/div>\n\n\n\n<div class=\"wp-block-getwid-advanced-heading is-style-default\" style=\"margin-bottom:30px\"><h2 class=\"wp-block-getwid-advanced-heading__content\" style=\"text-transform:none;letter-spacing:1px\">Hu\u00eetres<\/h2><\/div>\n\n\n\n<p>Choses \u00e0 faire<\/p>\n\n\n\n<div style=\"height:20px\" aria-hidden=\"true\" class=\"wp-block-spacer\"><\/div>\n<\/div><\/div><\/div><\/div><\/div>\n<\/div>\n\n\n\n<div class=\"wp-block-column is-layout-flow wp-block-column-is-layout-flow\">\n<div class=\"wp-block-getwid-images-stack is-layout-delta\"><div class=\"wp-block-getwid-images-stack__wrapper\"><div class=\"wp-block-getwid-images-stack__chunk\"><div class=\"wp-block-getwid-images-stack__media-wrapper\"><div class=\"wp-block-getwid-images-stack__media-inner-wrapper\"><img loading=\"lazy\" decoding=\"async\" width=\"2560\" height=\"1920\" class=\"wp-block-getwid-images-stack__media wp-image-1191\" src=\"https:\/\/www.maisoncoeurcorbieres.fr\/wp-content\/uploads\/2024\/04\/IMG_5824-scaled.jpeg\" data-id=\"1191\" data-link=\"https:\/\/www.maisoncoeurcorbieres.fr\/?attachment_id=1191\" srcset=\"https:\/\/www.maisoncoeurcorbieres.fr\/wp-content\/uploads\/2024\/04\/IMG_5824-scaled.jpeg 2560w, https:\/\/www.maisoncoeurcorbieres.fr\/wp-content\/uploads\/2024\/04\/IMG_5824-300x225.jpeg 300w, https:\/\/www.maisoncoeurcorbieres.fr\/wp-content\/uploads\/2024\/04\/IMG_5824-1024x768.jpeg 1024w, https:\/\/www.maisoncoeurcorbieres.fr\/wp-content\/uploads\/2024\/04\/IMG_5824-768x576.jpeg 768w, https:\/\/www.maisoncoeurcorbieres.fr\/wp-content\/uploads\/2024\/04\/IMG_5824-1536x1152.jpeg 1536w, https:\/\/www.maisoncoeurcorbieres.fr\/wp-content\/uploads\/2024\/04\/IMG_5824-2048x1536.jpeg 2048w, https:\/\/www.maisoncoeurcorbieres.fr\/wp-content\/uploads\/2024\/04\/IMG_5824-1170x878.jpeg 1170w\" sizes=\"(max-width: 2560px) 100vw, 2560px\" \/><\/div><\/div><div class=\"wp-block-getwid-images-stack__media-wrapper\"><div class=\"wp-block-getwid-images-stack__media-inner-wrapper\"><img loading=\"lazy\" decoding=\"async\" width=\"1920\" height=\"2560\" class=\"wp-block-getwid-images-stack__media wp-image-1183\" src=\"https:\/\/www.maisoncoeurcorbieres.fr\/wp-content\/uploads\/2024\/04\/IMG_3367-scaled.jpeg\" data-id=\"1183\" data-link=\"https:\/\/www.maisoncoeurcorbieres.fr\/?attachment_id=1183\" srcset=\"https:\/\/www.maisoncoeurcorbieres.fr\/wp-content\/uploads\/2024\/04\/IMG_3367-scaled.jpeg 1920w, https:\/\/www.maisoncoeurcorbieres.fr\/wp-content\/uploads\/2024\/04\/IMG_3367-225x300.jpeg 225w, https:\/\/www.maisoncoeurcorbieres.fr\/wp-content\/uploads\/2024\/04\/IMG_3367-768x1024.jpeg 768w, https:\/\/www.maisoncoeurcorbieres.fr\/wp-content\/uploads\/2024\/04\/IMG_3367-1152x1536.jpeg 1152w, https:\/\/www.maisoncoeurcorbieres.fr\/wp-content\/uploads\/2024\/04\/IMG_3367-1536x2048.jpeg 1536w, https:\/\/www.maisoncoeurcorbieres.fr\/wp-content\/uploads\/2024\/04\/IMG_3367-1170x1560.jpeg 1170w\" sizes=\"(max-width: 1920px) 100vw, 1920px\" \/><\/div><\/div><\/div><\/div><\/div>\n<\/div>\n<\/div>\n<\/div><\/div><\/div><\/div><\/div>\n","protected":false},"excerpt":{"rendered":"<p>MaCoCo est un point de d\u00e9part id\u00e9al pour des tonnes d&#8217;activit\u00e9s. <\/p>\n","protected":false},"author":1,"featured_media":2224,"parent":2431,"menu_order":0,"comment_status":"closed","ping_status":"closed","template":"","meta":{"inline_featured_image":false,"footnotes":""},"_links":{"self":[{"href":"https:\/\/www.maisoncoeurcorbieres.fr\/index.php?rest_route=\/wp\/v2\/pages\/2427"}],"collection":[{"href":"https:\/\/www.maisoncoeurcorbieres.fr\/index.php?rest_route=\/wp\/v2\/pages"}],"about":[{"href":"https:\/\/www.maisoncoeurcorbieres.fr\/index.php?rest_route=\/wp\/v2\/types\/page"}],"author":[{"embeddable":true,"href":"https:\/\/www.maisoncoeurcorbieres.fr\/index.php?rest_route=\/wp\/v2\/users\/1"}],"replies":[{"embeddable":true,"href":"https:\/\/www.maisoncoeurcorbieres.fr\/index.php?rest_route=%2Fwp%2Fv2%2Fcomments&post=2427"}],"version-history":[{"count":7,"href":"https:\/\/www.maisoncoeurcorbieres.fr\/index.php?rest_route=\/wp\/v2\/pages\/2427\/revisions"}],"predecessor-version":[{"id":2689,"href":"https:\/\/www.maisoncoeurcorbieres.fr\/index.php?rest_route=\/wp\/v2\/pages\/2427\/revisions\/2689"}],"up":[{"embeddable":true,"href":"https:\/\/www.maisoncoeurcorbieres.fr\/index.php?rest_route=\/wp\/v2\/pages\/2431"}],"wp:featuredmedia":[{"embeddable":true,"href":"https:\/\/www.maisoncoeurcorbieres.fr\/index.php?rest_route=\/wp\/v2\/media\/2224"}],"wp:attachment":[{"href":"https:\/\/www.maisoncoeurcorbieres.fr\/index.php?rest_route=%2Fwp%2Fv2%2Fmedia&parent=2427"}],"curies":[{"name":"wp","href":"https:\/\/api.w.org\/{rel}","templated":true}]}}